{"id":168,"date":"2025-08-13T02:03:37","date_gmt":"2025-08-13T02:03:37","guid":{"rendered":"https:\/\/plumer.cl\/?post_type=product&#038;p=168"},"modified":"2025-08-18T16:45:23","modified_gmt":"2025-08-18T16:45:23","slug":"mini-excavadora-plumer-plte-06","status":"publish","type":"product","link":"https:\/\/plumer.cl\/en\/product\/mini-excavadora-plumer-plte-06\/","title":{"rendered":"Mini Excavadora Plumer PLTE-06"},"content":{"rendered":"<section class=\"l-section wpb_row height_auto\"><div class=\"l-section-h i-cf\"><div class=\"g-cols vc_row via_grid cols_2 laptops-cols_inherit tablets-cols_inherit mobiles-cols_1 valign_top type_default stacking_default\" style=\"--columns-gap:1rem;\"><div class=\"wpb_column vc_column_container\"><div class=\"vc_column-inner\"><div class=\"w-hwrapper us_custom_539f15ee valign_top align_left\" style=\"--hwrapper-gap:2rem\"><div class=\"w-vwrapper align_left valign_top\" style=\"--vwrapper-gap:0.5rem\"><div class=\"wpb_text_column\"><div class=\"wpb_wrapper\"><p>Potencia<\/p>\n<\/div><\/div><div class=\"wpb_text_column us_custom_9490baec has_text_color\"><div class=\"wpb_wrapper\"><p>13 hp<\/p>\n<\/div><\/div><\/div><div class=\"w-vwrapper align_left valign_top\" style=\"--vwrapper-gap:0.5rem\"><div class=\"wpb_text_column\"><div class=\"wpb_wrapper\"><p>Peso op.<\/p>\n<\/div><\/div><div class=\"wpb_text_column us_custom_9490baec has_text_color\"><div class=\"wpb_wrapper\"><p><span>600 kg<\/span><\/p>\n<\/div><\/div><\/div><div class=\"w-vwrapper align_left valign_top\" style=\"--vwrapper-gap:0.5rem\"><div class=\"wpb_text_column\"><div class=\"wpb_wrapper\"><p>Prof. de excavaci\u00f3n<\/p>\n<\/div><\/div><div class=\"wpb_text_column us_custom_9490baec has_text_color\"><div class=\"wpb_wrapper\"><p><span>2350 mm<\/span><\/p>\n<\/div><\/div><\/div><\/div><div class=\"wpb_text_column us_custom_4f6fb0ac\"><div class=\"wpb_wrapper\"><p><span>La mini excavadora PLTE-06 de PLUMER, equipada con un motor a gasolina, es una m\u00e1quina compacta y vers\u00e1til dise\u00f1ada para aplicaciones en ambiente agroforestal, nivelaci\u00f3n de tierras agr\u00edcolas, cultivo de jardines, reparaci\u00f3n de pavimento, construcci\u00f3n de s\u00f3tanos e interiores, y m\u00e1s. Su motor a gasolina ofrece una alternativa eficiente y de f\u00e1cil mantenimiento, ideal para trabajos que requieren movilidad y acceso a zonas sin suministro el\u00e9ctrico.<\/span><\/p>\n<\/div><\/div><div class=\"wpb_text_column us_custom_c54b2d60\"><div class=\"wpb_wrapper\"><ul>\n<li><strong>Motor de Gasolina de Alta Calidad:<\/strong><span>\u00a0<\/span>Eficiente e ideal para operaciones en lugares sin acceso a diesel.<\/li>\n<li><strong>V\u00e1lvula Multidireccional de Alta Precisi\u00f3n:<\/strong><span>\u00a0<\/span>Asegura controles precisos y sensibles.<\/li>\n<li><strong>Bomba de Engranajes Estriados de Nueve Dientes:<\/strong><span>\u00a0<\/span>Ofrece un rendimiento hidr\u00e1ulico fiable.<\/li>\n<li><strong>Cilindros Importados con Anillos de Sellado NOK Incorporados:<\/strong><span>\u00a0<\/span>Garantiza durabilidad y rendimiento superior.<\/li>\n<li><strong>Cuchilla Ajustable y Pedal:<\/strong><span>\u00a0<\/span>Facilita la operaci\u00f3n y mejora la maniobrabilidad.<\/li>\n<li><strong>Orugas de Goma de Ingenier\u00eda Resistente al Desgaste:<\/strong><span>\u00a0<\/span>Proporciona tracci\u00f3n y estabilidad en diversos terrenos.<\/li>\n<li><strong>Asiento del Conductor Ajustable:<\/strong><span>\u00a0<\/span>Aumenta la comodidad del operador durante largas jornadas de trabajo.<\/li>\n<\/ul>\n<\/div><\/div><div class=\"w-tabs us_custom_a6a96ae9 has_text_color style_default switch_click accordion has_scrolling\" style=\"--sections-title-size:inherit\"><div class=\"w-tabs-sections titles-align_none icon_plus cpos_right\"><div class=\"w-tabs-section\" id=\"w78a\"><button class=\"w-tabs-section-header\" aria-controls=\"content-w78a\" aria-expanded=\"false\"><div class=\"w-tabs-section-title\">Motor y Rendimiento<\/div><div class=\"w-tabs-section-control\"><\/div><\/button><div  class=\"w-tabs-section-content\" id=\"content-w78a\"><div class=\"w-tabs-section-content-h i-cf\"><div class=\"wpb_text_column\"><div class=\"wpb_wrapper\">\n<table id=\"tablepress-8\" class=\"tablepress tablepress-id-8\">\n<thead>\n<tr class=\"row-1\">\n\t<th class=\"column-1\">Peso Operativo<\/th><th class=\"column-2\">600 kg<\/th>\n<\/tr>\n<\/thead>\n<tbody class=\"row-striping row-hover\">\n<tr class=\"row-2\">\n\t<td class=\"column-1\">Potencia Nominal<\/td><td class=\"column-2\">10.1 kW (13 hp)<\/td>\n<\/tr>\n<tr class=\"row-3\">\n\t<td class=\"column-1\">Modelo de motor<\/td><td class=\"column-2\">Koop192<\/td>\n<\/tr>\n<tr class=\"row-4\">\n\t<td class=\"column-1\">Capacidad del Balde<\/td><td class=\"column-2\">0.02 m\u00b3<\/td>\n<\/tr>\n<tr class=\"row-5\">\n\t<td class=\"column-1\">Ancho del Balde<\/td><td class=\"column-2\">380 mm<\/td>\n<\/tr>\n<tr class=\"row-6\">\n\t<td class=\"column-1\">Max. Fuerza de Excavaci\u00f3n<\/td><td class=\"column-2\">11 kN<\/td>\n<\/tr>\n<tr class=\"row-7\">\n\t<td class=\"column-1\">Presi\u00f3n de Trabajo del Sistema<\/td><td class=\"column-2\">20 MPa<\/td>\n<\/tr>\n<tr class=\"row-8\">\n\t<td class=\"column-1\">Velocidad de Giro<\/td><td class=\"column-2\">12 rpm<\/td>\n<\/tr>\n<tr class=\"row-9\">\n\t<td class=\"column-1\">Velocidad de Desplazamiento<\/td><td class=\"column-2\">2 km\/h<\/td>\n<\/tr>\n<tr class=\"row-10\">\n\t<td class=\"column-1\">Capacidad de Pendiente<\/td><td class=\"column-2\">30\u00b0<\/td>\n<\/tr>\n<tr class=\"row-11\">\n\t<td class=\"column-1\">Presi\u00f3n sobre el Suelo<\/td><td class=\"column-2\">213 kPa<\/td>\n<\/tr>\n<\/tbody>\n<\/table>\n<!-- #tablepress-8 from cache -->\n<\/div><\/div><\/div><\/div><\/div><div class=\"w-tabs-section\" id=\"hdcf\"><button class=\"w-tabs-section-header\" aria-controls=\"content-hdcf\" aria-expanded=\"false\"><div class=\"w-tabs-section-title\">Dimensiones y Capacidad de Operaci\u00f3n<\/div><div class=\"w-tabs-section-control\"><\/div><\/button><div  class=\"w-tabs-section-content\" id=\"content-hdcf\"><div class=\"w-tabs-section-content-h i-cf\"><div class=\"wpb_text_column\"><div class=\"wpb_wrapper\">\n<table id=\"tablepress-9\" class=\"tablepress tablepress-id-9\">\n<thead>\n<tr class=\"row-1\">\n\t<th class=\"column-1\">M\u00e1xima Distancia de Excavaci\u00f3n<\/th><th class=\"column-2\">4050 mm<\/th>\n<\/tr>\n<\/thead>\n<tbody class=\"row-striping row-hover\">\n<tr class=\"row-2\">\n\t<td class=\"column-1\">M\u00e1xima Profundidad de Excavaci\u00f3n<\/td><td class=\"column-2\">2050 mm<\/td>\n<\/tr>\n<tr class=\"row-3\">\n\t<td class=\"column-1\">M\u00e1xima Altura de Excavaci\u00f3n<\/td><td class=\"column-2\">2350 mm<\/td>\n<\/tr>\n<tr class=\"row-4\">\n\t<td class=\"column-1\">M\u00e1xima Altura de Descarga<\/td><td class=\"column-2\">1600 mm<\/td>\n<\/tr>\n<tr class=\"row-5\">\n\t<td class=\"column-1\">Radio M\u00ednimo de Giro<\/td><td class=\"column-2\">500 mm<\/td>\n<\/tr>\n<tr class=\"row-6\">\n\t<td class=\"column-1\">Longitud Total<\/td><td class=\"column-2\">2750 mm<\/td>\n<\/tr>\n<tr class=\"row-7\">\n\t<td class=\"column-1\">Ancho Promedio<\/td><td class=\"column-2\">720 mm<\/td>\n<\/tr>\n<tr class=\"row-8\">\n\t<td class=\"column-1\">Altura Total<\/td><td class=\"column-2\">1500 mm<\/td>\n<\/tr>\n<tr class=\"row-9\">\n\t<td class=\"column-1\">M\u00ednima Distancia al Suelo<\/td><td class=\"column-2\">180 mm<\/td>\n<\/tr>\n<tr class=\"row-10\">\n\t<td class=\"column-1\">Longitud de Contacto de la Oruga<\/td><td class=\"column-2\">1100 mm<\/td>\n<\/tr>\n<tr class=\"row-11\">\n\t<td class=\"column-1\">Ancho de la Oruga<\/td><td class=\"column-2\">150 mm<br \/>\n<\/td>\n<\/tr>\n<\/tbody>\n<\/table>\n<!-- #tablepress-9 from cache -->\n<\/div><\/div><\/div><\/div><\/div><\/div><\/div><\/div><\/div><div class=\"wpb_column vc_column_container\"><div class=\"vc_column-inner\"><div class=\"w-image align_center\"><div class=\"w-image-h\"><img decoding=\"async\" width=\"1400\" height=\"801\" src=\"https:\/\/plumer.cl\/wp-content\/uploads\/2025\/08\/Sin-titulo-7.png\" class=\"attachment-full size-full\" alt=\"\" loading=\"lazy\" srcset=\"https:\/\/plumer.cl\/wp-content\/uploads\/2025\/08\/Sin-titulo-7.png 1400w, https:\/\/plumer.cl\/wp-content\/uploads\/2025\/08\/Sin-titulo-7-300x172.png 300w, https:\/\/plumer.cl\/wp-content\/uploads\/2025\/08\/Sin-titulo-7-1024x586.png 1024w, https:\/\/plumer.cl\/wp-content\/uploads\/2025\/08\/Sin-titulo-7-18x10.png 18w, https:\/\/plumer.cl\/wp-content\/uploads\/2025\/08\/Sin-titulo-7-600x343.png 600w\" sizes=\"auto, (max-width: 1400px) 100vw, 1400px\" \/><\/div><\/div><\/div><\/div><\/div><\/div><\/section><section class=\"l-section wpb_row height_medium\"><div class=\"l-section-h i-cf\"><div class=\"g-cols vc_row via_grid cols_1 laptops-cols_inherit tablets-cols_inherit mobiles-cols_1 valign_top type_default stacking_default\"><div class=\"wpb_column vc_column_container us_custom_dc4407d4\"><div class=\"vc_column-inner\"><div class=\"wpb_text_column\"><div class=\"wpb_wrapper\">\n<table id=\"tablepress-10\" class=\"tablepress tablepress-id-10\">\n<thead>\n<tr class=\"row-1\">\n\t<td class=\"column-1\"><\/td><th class=\"column-2\"><img loading=\"lazy\" decoding=\"async\" src=\"https:\/\/plumer.cl\/wp-content\/uploads\/2025\/08\/PLTE-06-300x300.png\" alt=\"\" width=\"150\" height=\"150\" class=\"alignnone size-medium wp-image-473\" srcset=\"https:\/\/plumer.cl\/wp-content\/uploads\/2025\/08\/PLTE-06-300x300.png 300w, https:\/\/plumer.cl\/wp-content\/uploads\/2025\/08\/PLTE-06-1024x1024.png 1024w, https:\/\/plumer.cl\/wp-content\/uploads\/2025\/08\/PLTE-06-150x150.png 150w, https:\/\/plumer.cl\/wp-content\/uploads\/2025\/08\/PLTE-06-12x12.png 12w, https:\/\/plumer.cl\/wp-content\/uploads\/2025\/08\/PLTE-06-600x600.png 600w, https:\/\/plumer.cl\/wp-content\/uploads\/2025\/08\/PLTE-06.png 1400w\" sizes=\"auto, (max-width: 150px) 100vw, 150px\" \/><\/th><th class=\"column-3\"><img loading=\"lazy\" decoding=\"async\" src=\"https:\/\/plumer.cl\/wp-content\/uploads\/2025\/08\/Sin-titulo-1-300x300.png\" alt=\"\" width=\"150\" height=\"150\" class=\"alignnone size-medium wp-image-334\" srcset=\"https:\/\/plumer.cl\/wp-content\/uploads\/2025\/08\/Sin-titulo-1-300x300.png 300w, https:\/\/plumer.cl\/wp-content\/uploads\/2025\/08\/Sin-titulo-1-1024x1024.png 1024w, https:\/\/plumer.cl\/wp-content\/uploads\/2025\/08\/Sin-titulo-1-150x150.png 150w, https:\/\/plumer.cl\/wp-content\/uploads\/2025\/08\/Sin-titulo-1-12x12.png 12w, https:\/\/plumer.cl\/wp-content\/uploads\/2025\/08\/Sin-titulo-1-600x600.png 600w, https:\/\/plumer.cl\/wp-content\/uploads\/2025\/08\/Sin-titulo-1.png 1400w\" sizes=\"auto, (max-width: 150px) 100vw, 150px\" \/><\/th><th class=\"column-4\"><img loading=\"lazy\" decoding=\"async\" src=\"https:\/\/plumer.cl\/wp-content\/uploads\/2025\/08\/Sin-titulo-300x300.png\" alt=\"\" width=\"150\" height=\"150\" class=\"alignnone size-medium wp-image-333\" srcset=\"https:\/\/plumer.cl\/wp-content\/uploads\/2025\/08\/Sin-titulo-300x300.png 300w, https:\/\/plumer.cl\/wp-content\/uploads\/2025\/08\/Sin-titulo-1024x1024.png 1024w, https:\/\/plumer.cl\/wp-content\/uploads\/2025\/08\/Sin-titulo-150x150.png 150w, https:\/\/plumer.cl\/wp-content\/uploads\/2025\/08\/Sin-titulo-12x12.png 12w, https:\/\/plumer.cl\/wp-content\/uploads\/2025\/08\/Sin-titulo-600x600.png 600w, https:\/\/plumer.cl\/wp-content\/uploads\/2025\/08\/Sin-titulo.png 1400w\" sizes=\"auto, (max-width: 150px) 100vw, 150px\" \/><\/th><th class=\"column-5\"><img loading=\"lazy\" decoding=\"async\" src=\"https:\/\/plumer.cl\/wp-content\/uploads\/2025\/08\/Plumer-PLTE-20-300x300.png\" alt=\"\" width=\"150\" height=\"150\" class=\"alignnone size-medium wp-image-131\" srcset=\"https:\/\/plumer.cl\/wp-content\/uploads\/2025\/08\/Plumer-PLTE-20-300x300.png 300w, https:\/\/plumer.cl\/wp-content\/uploads\/2025\/08\/Plumer-PLTE-20-150x150.png 150w, https:\/\/plumer.cl\/wp-content\/uploads\/2025\/08\/Plumer-PLTE-20-600x600.png 600w, https:\/\/plumer.cl\/wp-content\/uploads\/2025\/08\/Plumer-PLTE-20-1024x1024.png 1024w, https:\/\/plumer.cl\/wp-content\/uploads\/2025\/08\/Plumer-PLTE-20-12x12.png 12w, https:\/\/plumer.cl\/wp-content\/uploads\/2025\/08\/Plumer-PLTE-20.png 1400w\" sizes=\"auto, (max-width: 150px) 100vw, 150px\" \/><\/th>\n<\/tr>\n<\/thead>\n<tbody class=\"row-striping row-hover\">\n<tr class=\"row-2\">\n\t<td class=\"column-1\"><strong>Modelo<\/strong><\/td><td class=\"column-2\">PLTE-06<\/td><td class=\"column-3\">PLTE-09<\/td><td class=\"column-4\">PLTE-10<\/td><td class=\"column-5\">PLTE-20<\/td>\n<\/tr>\n<tr class=\"row-3\">\n\t<td class=\"column-1\"><strong>Motor \/ Potencia<\/strong><\/td><td class=\"column-2\">Gasolina Koop192 \u2014 10.1 kW (13 hp)<\/td><td class=\"column-3\">Di\u00e9sel Changchai 192F \u2014 7 kW (10.3 hp)<\/td><td class=\"column-4\">Kubota KOOP192F \u2014 10.3 kW (14 hp)<\/td><td class=\"column-5\">Laidong 3TE25 \u2014 18.1 kW (25 hp)<\/td>\n<\/tr>\n<tr class=\"row-4\">\n\t<td class=\"column-1\"><strong>Capacidad Balde<\/strong><\/td><td class=\"column-2\">0.02 m\u00b3<\/td><td class=\"column-3\">0.023 m\u00b3<\/td><td class=\"column-4\">0.02 m\u00b3<\/td><td class=\"column-5\">0.06 m\u00b3<\/td>\n<\/tr>\n<tr class=\"row-5\">\n\t<td class=\"column-1\"><strong>Fuerza m\u00e1xima de excavaci\u00f3n<\/strong><\/td><td class=\"column-2\">11 kN<\/td><td class=\"column-3\">7.5 kN<\/td><td class=\"column-4\">10.3 kN<\/td><td class=\"column-5\">11.5 kN<\/td>\n<\/tr>\n<tr class=\"row-6\">\n\t<td class=\"column-1\"><strong>Presi\u00f3n del sistema hidr\u00e1ulico<\/strong><\/td><td class=\"column-2\">20 MPa<\/td><td class=\"column-3\">18 MPa<\/td><td class=\"column-4\">18 MPa<\/td><td class=\"column-5\">18 MPa<\/td>\n<\/tr>\n<tr class=\"row-7\">\n\t<td class=\"column-1\"><strong>Velocidad de giro<\/strong><\/td><td class=\"column-2\">12 rpm<\/td><td class=\"column-3\">12 rpm<\/td><td class=\"column-4\">12 rpm<\/td><td class=\"column-5\">10\u201312 rpm<\/td>\n<\/tr>\n<tr class=\"row-8\">\n\t<td class=\"column-1\"><strong>Velocidad de desplazamiento<\/strong><\/td><td class=\"column-2\">2 km\/h<\/td><td class=\"column-3\">2.2 km\/h<\/td><td class=\"column-4\">2 km\/h<\/td><td class=\"column-5\">2.8 km\/h<\/td>\n<\/tr>\n<tr class=\"row-9\">\n\t<td class=\"column-1\"><strong>Capacidad de pendiente<\/strong><\/td><td class=\"column-2\">30\u00b0<\/td><td class=\"column-3\">30\u00b0<\/td><td class=\"column-4\">30\u00b0<\/td><td class=\"column-5\">35\u00b0<\/td>\n<\/tr>\n<tr class=\"row-10\">\n\t<td class=\"column-1\"><strong>Presi\u00f3n sobre el suelo<\/strong><\/td><td class=\"column-2\">213 kPa<\/td><td class=\"column-3\">19 kPa<\/td><td class=\"column-4\">22 kPa<\/td><td class=\"column-5\">38 kPa<\/td>\n<\/tr>\n<tr class=\"row-11\">\n\t<td class=\"column-1\"><strong>Dimensiones<\/strong><\/td><td class=\"column-2\">Largo: 2750 mm; <br \/>\nAncho: 720 mm; <br \/>\nAlto: 1500 mm<\/td><td class=\"column-3\">Largo: 2600 mm;<br \/>\n Ancho: 720 mm; <br \/>\nAlto: 2030 mm<\/td><td class=\"column-4\">Largo: 2,200 mm; <br \/>\nAncho: 940 mm;<br \/>\n Alto: 2,150 mm<\/td><td class=\"column-5\">Largo: 3,800 mm; <br \/>\nAncho: 1,050 mm;<br \/>\n Alto: 2,280 mm<\/td>\n<\/tr>\n<tr class=\"row-12\">\n\t<td class=\"column-1\"><strong>Peso operativo<\/strong><\/td><td class=\"column-2\">600 kg<\/td><td class=\"column-3\"><\/td><td class=\"column-4\"><\/td><td class=\"column-5\"><\/td>\n<\/tr>\n<\/tbody>\n<\/table>\n<!-- #tablepress-10 from cache -->\n<\/div><\/div><\/div><\/div><\/div><\/div><\/section>","protected":false},"excerpt":{"rendered":"Potencia 13 hp Peso op. 600 kg Prof. de excavaci\u00f3n 2350 mm La mini excavadora PLTE-06 de PLUMER, equipada con un motor a gasolina, es una m\u00e1quina compacta y vers\u00e1til dise\u00f1ada para aplicaciones en ambiente agroforestal, nivelaci\u00f3n de tierras agr\u00edcolas, cultivo de jardines, reparaci\u00f3n de pavimento, construcci\u00f3n de s\u00f3tanos e interiores, y m\u00e1s. Su motor...","protected":false},"featured_media":473,"comment_status":"open","ping_status":"closed","template":"","meta":{"_acf_changed":false},"product_brand":[],"product_cat":[17,18],"product_tag":[],"tipo_de_combustible":[],"class_list":{"0":"post-168","1":"product","2":"type-product","3":"status-publish","4":"has-post-thumbnail","6":"product_cat-construccion","7":"product_cat-mini-excavadoras","9":"first","10":"instock","11":"taxable","12":"shipping-taxable","13":"purchasable","14":"product-type-simple"},"acf":[],"_links":{"self":[{"href":"https:\/\/plumer.cl\/en\/wp-json\/wp\/v2\/product\/168","targetHints":{"allow":["GET"]}}],"collection":[{"href":"https:\/\/plumer.cl\/en\/wp-json\/wp\/v2\/product"}],"about":[{"href":"https:\/\/plumer.cl\/en\/wp-json\/wp\/v2\/types\/product"}],"replies":[{"embeddable":true,"href":"https:\/\/plumer.cl\/en\/wp-json\/wp\/v2\/comments?post=168"}],"wp:featuredmedia":[{"embeddable":true,"href":"https:\/\/plumer.cl\/en\/wp-json\/wp\/v2\/media\/473"}],"wp:attachment":[{"href":"https:\/\/plumer.cl\/en\/wp-json\/wp\/v2\/media?parent=168"}],"wp:term":[{"taxonomy":"product_brand","embeddable":true,"href":"https:\/\/plumer.cl\/en\/wp-json\/wp\/v2\/product_brand?post=168"},{"taxonomy":"product_cat","embeddable":true,"href":"https:\/\/plumer.cl\/en\/wp-json\/wp\/v2\/product_cat?post=168"},{"taxonomy":"product_tag","embeddable":true,"href":"https:\/\/plumer.cl\/en\/wp-json\/wp\/v2\/product_tag?post=168"},{"taxonomy":"tipo_de_combustible","embeddable":true,"href":"https:\/\/plumer.cl\/en\/wp-json\/wp\/v2\/tipo_de_combustible?post=168"}],"curies":[{"name":"wp","href":"https:\/\/api.w.org\/{rel}","templated":true}]}}