{"id":170,"date":"2025-08-13T02:09:58","date_gmt":"2025-08-13T02:09:58","guid":{"rendered":"https:\/\/plumer.cl\/?post_type=product&#038;p=170"},"modified":"2025-08-18T16:41:32","modified_gmt":"2025-08-18T16:41:32","slug":"mini-excavadora-plumer-plte-10","status":"publish","type":"product","link":"https:\/\/plumer.cl\/en\/product\/mini-excavadora-plumer-plte-10\/","title":{"rendered":"Mini Excavadora Plumer PLTE-10"},"content":{"rendered":"<section class=\"l-section wpb_row height_auto\"><div class=\"l-section-h i-cf\"><div class=\"g-cols vc_row via_grid cols_2 laptops-cols_inherit tablets-cols_inherit mobiles-cols_1 valign_top type_default stacking_default\" style=\"--columns-gap:1rem;\"><div class=\"wpb_column vc_column_container\"><div class=\"vc_column-inner\"><div class=\"w-hwrapper us_custom_539f15ee valign_top align_left\" style=\"--hwrapper-gap:2rem\"><div class=\"w-vwrapper align_left valign_top\" style=\"--vwrapper-gap:0.5rem\"><div class=\"wpb_text_column\"><div class=\"wpb_wrapper\"><p>Potencia<\/p>\n<\/div><\/div><div class=\"wpb_text_column us_custom_9490baec has_text_color\"><div class=\"wpb_wrapper\"><p>14 hp<\/p>\n<\/div><\/div><\/div><div class=\"w-vwrapper align_left valign_top\" style=\"--vwrapper-gap:0.5rem\"><div class=\"wpb_text_column\"><div class=\"wpb_wrapper\"><p>Peso op.<\/p>\n<\/div><\/div><div class=\"wpb_text_column us_custom_9490baec has_text_color\"><div class=\"wpb_wrapper\"><p><span>1100 kg<\/span><\/p>\n<\/div><\/div><\/div><div class=\"w-vwrapper align_left valign_top\" style=\"--vwrapper-gap:0.5rem\"><div class=\"wpb_text_column\"><div class=\"wpb_wrapper\"><p>Prof. de excavaci\u00f3n<\/p>\n<\/div><\/div><div class=\"wpb_text_column us_custom_9490baec has_text_color\"><div class=\"wpb_wrapper\"><p><span>2450 mm<\/span><\/p>\n<\/div><\/div><\/div><\/div><div class=\"wpb_text_column us_custom_4f6fb0ac\"><div class=\"wpb_wrapper\"><p><span>La mini excavadora PLTE-10 de PLUMER es compacta, eficiente y vers\u00e1til, ideal para trabajar en espacios reducidos. Su motor Kubota certificado por la EPA ofrece alta eficiencia operativa con bajo impacto ambiental. Es perfecta para proyectos en agricultura, construcci\u00f3n de interiores, jardiner\u00eda y mantenimiento tanto en \u00e1reas urbanas como rurales.<\/span><\/p>\n<\/div><\/div><div class=\"wpb_text_column us_custom_788141ae\"><div class=\"wpb_wrapper\"><ul>\n<li data-start=\"543\" data-end=\"1071\"><strong data-start=\"577\" data-end=\"608\">V\u00e1lvula Multiv\u00eda de 8 v\u00edas:<\/strong><span>\u00a0<\/span>Control de alta precisi\u00f3n con acci\u00f3n flexible, ajustada por computadora ECU.<\/li>\n<li data-start=\"543\" data-end=\"1071\"><strong data-start=\"690\" data-end=\"710\">Pluma Oscilante:<\/strong><span>\u00a0<\/span>Permite operaciones en espacios reducidos con gran flexibilidad.<\/li>\n<li data-start=\"543\" data-end=\"1071\"><strong data-start=\"780\" data-end=\"805\">Tuber\u00edas Continental:<\/strong><span>\u00a0<\/span>Caucho natural con alambre de acero denso para mayor durabilidad.<\/li>\n<li data-start=\"543\" data-end=\"1071\"><strong data-start=\"876\" data-end=\"911\">Filtraci\u00f3n de Combustible Dual:<\/strong><span>\u00a0<\/span>Protege el motor de impurezas, mejorando la fiabilidad y duraci\u00f3n.<\/li>\n<li data-start=\"543\" data-end=\"1071\"><strong data-start=\"983\" data-end=\"1016\">Bastidor de Oruga Inclinable:<\/strong><span>\u00a0<\/span>Reduce da\u00f1os y acumulaci\u00f3n de escombros en las orugas.<\/li>\n<\/ul>\n<\/div><\/div><div class=\"w-tabs us_custom_a6a96ae9 has_text_color style_default switch_click accordion has_scrolling\" style=\"--sections-title-size:inherit\"><div class=\"w-tabs-sections titles-align_none icon_plus cpos_right\"><div class=\"w-tabs-section\" id=\"yea3\"><button class=\"w-tabs-section-header\" aria-controls=\"content-yea3\" aria-expanded=\"false\"><div class=\"w-tabs-section-title\">Motor y Rendimiento<\/div><div class=\"w-tabs-section-control\"><\/div><\/button><div  class=\"w-tabs-section-content\" id=\"content-yea3\"><div class=\"w-tabs-section-content-h i-cf\"><div class=\"wpb_text_column\"><div class=\"wpb_wrapper\">\n<table id=\"tablepress-1\" class=\"tablepress tablepress-id-1\">\n<thead>\n<tr class=\"row-1\">\n\t<th class=\"column-1\">Peso Operativo<\/th><th class=\"column-2\">1100 kg<\/th>\n<\/tr>\n<\/thead>\n<tbody class=\"row-striping row-hover\">\n<tr class=\"row-2\">\n\t<td class=\"column-1\">Potencia Nominal<\/td><td class=\"column-2\">10.3 kW (14 hp)<\/td>\n<\/tr>\n<tr class=\"row-3\">\n\t<td class=\"column-1\">Modelo de motor<\/td><td class=\"column-2\">Kubota KOOP192F<\/td>\n<\/tr>\n<tr class=\"row-4\">\n\t<td class=\"column-1\">Capacidad del Balde<\/td><td class=\"column-2\">0.02 m\u00b3<\/td>\n<\/tr>\n<tr class=\"row-5\">\n\t<td class=\"column-1\">Ancho del Balde<\/td><td class=\"column-2\">400 mm<\/td>\n<\/tr>\n<tr class=\"row-6\">\n\t<td class=\"column-1\">Max. Fuerza de Excavaci\u00f3n<\/td><td class=\"column-2\">10.3 kN<\/td>\n<\/tr>\n<tr class=\"row-7\">\n\t<td class=\"column-1\">Presi\u00f3n de Trabajo del Sistema<\/td><td class=\"column-2\">18 MPa<\/td>\n<\/tr>\n<tr class=\"row-8\">\n\t<td class=\"column-1\">Velocidad de Giro<\/td><td class=\"column-2\">12 rpm<\/td>\n<\/tr>\n<tr class=\"row-9\">\n\t<td class=\"column-1\">Velocidad de Desplazamiento<\/td><td class=\"column-2\">2 km\/h<\/td>\n<\/tr>\n<tr class=\"row-10\">\n\t<td class=\"column-1\">Capacidad de Pendiente<\/td><td class=\"column-2\">30\u00b0<\/td>\n<\/tr>\n<tr class=\"row-11\">\n\t<td class=\"column-1\">Presi\u00f3n sobre el Suelo<\/td><td class=\"column-2\">22 kPa<\/td>\n<\/tr>\n<\/tbody>\n<\/table>\n<!-- #tablepress-1 from cache -->\n<\/div><\/div><\/div><\/div><\/div><div class=\"w-tabs-section\" id=\"h306\"><button class=\"w-tabs-section-header\" aria-controls=\"content-h306\" aria-expanded=\"false\"><div class=\"w-tabs-section-title\">Dimensiones y Capacidad de Operaci\u00f3n<\/div><div class=\"w-tabs-section-control\"><\/div><\/button><div  class=\"w-tabs-section-content\" id=\"content-h306\"><div class=\"w-tabs-section-content-h i-cf\"><div class=\"wpb_text_column\"><div class=\"wpb_wrapper\">\n<table id=\"tablepress-2\" class=\"tablepress tablepress-id-2\">\n<thead>\n<tr class=\"row-1\">\n\t<th class=\"column-1\">M\u00e1xima Distancia de Excavaci\u00f3n<\/th><th class=\"column-2\">3065 mm<\/th>\n<\/tr>\n<\/thead>\n<tbody class=\"row-striping row-hover\">\n<tr class=\"row-2\">\n\t<td class=\"column-1\">M\u00e1xima Profundidad de Excavaci\u00f3n<\/td><td class=\"column-2\">1715 mm<\/td>\n<\/tr>\n<tr class=\"row-3\">\n\t<td class=\"column-1\">M\u00e1xima Altura de Excavaci\u00f3n<\/td><td class=\"column-2\">2600 mm<\/td>\n<\/tr>\n<tr class=\"row-4\">\n\t<td class=\"column-1\">M\u00e1xima Altura de Descarga<\/td><td class=\"column-2\">1830 mm<\/td>\n<\/tr>\n<tr class=\"row-5\">\n\t<td class=\"column-1\">Radio M\u00ednimo de Giro<\/td><td class=\"column-2\">1480 mm<\/td>\n<\/tr>\n<tr class=\"row-6\">\n\t<td class=\"column-1\">Longitud Total<\/td><td class=\"column-2\">2840 mm<\/td>\n<\/tr>\n<tr class=\"row-7\">\n\t<td class=\"column-1\">Ancho Promedio<\/td><td class=\"column-2\">880 mm<\/td>\n<\/tr>\n<tr class=\"row-8\">\n\t<td class=\"column-1\">Altura Total<\/td><td class=\"column-2\">2200 mm<\/td>\n<\/tr>\n<tr class=\"row-9\">\n\t<td class=\"column-1\">M\u00ednima Distancia al Suelo<\/td><td class=\"column-2\">132 mm<\/td>\n<\/tr>\n<tr class=\"row-10\">\n\t<td class=\"column-1\">Longitud de Contacto de la Oruga<\/td><td class=\"column-2\">1200 mm<\/td>\n<\/tr>\n<tr class=\"row-11\">\n\t<td class=\"column-1\">Ancho de la Oruga<\/td><td class=\"column-2\">180 mm<\/td>\n<\/tr>\n<\/tbody>\n<\/table>\n<!-- #tablepress-2 from cache -->\n<\/div><\/div><\/div><\/div><\/div><\/div><\/div><\/div><\/div><div class=\"wpb_column vc_column_container\"><div class=\"vc_column-inner\"><\/div><\/div><\/div><\/div><\/section><section class=\"l-section wpb_row height_medium\"><div class=\"l-section-h i-cf\"><div class=\"g-cols vc_row via_grid cols_1 laptops-cols_inherit tablets-cols_inherit mobiles-cols_1 valign_top type_default stacking_default\"><div class=\"wpb_column vc_column_container us_custom_dc4407d4\"><div class=\"vc_column-inner\"><div class=\"wpb_text_column\"><div class=\"wpb_wrapper\">\n<table id=\"tablepress-10\" class=\"tablepress tablepress-id-10\">\n<thead>\n<tr class=\"row-1\">\n\t<td class=\"column-1\"><\/td><th class=\"column-2\"><img loading=\"lazy\" decoding=\"async\" src=\"https:\/\/plumer.cl\/wp-content\/uploads\/2025\/08\/PLTE-06-300x300.png\" alt=\"\" width=\"150\" height=\"150\" class=\"alignnone size-medium wp-image-473\" srcset=\"https:\/\/plumer.cl\/wp-content\/uploads\/2025\/08\/PLTE-06-300x300.png 300w, https:\/\/plumer.cl\/wp-content\/uploads\/2025\/08\/PLTE-06-1024x1024.png 1024w, https:\/\/plumer.cl\/wp-content\/uploads\/2025\/08\/PLTE-06-150x150.png 150w, https:\/\/plumer.cl\/wp-content\/uploads\/2025\/08\/PLTE-06-12x12.png 12w, https:\/\/plumer.cl\/wp-content\/uploads\/2025\/08\/PLTE-06-600x600.png 600w, https:\/\/plumer.cl\/wp-content\/uploads\/2025\/08\/PLTE-06.png 1400w\" sizes=\"auto, (max-width: 150px) 100vw, 150px\" \/><\/th><th class=\"column-3\"><img loading=\"lazy\" decoding=\"async\" src=\"https:\/\/plumer.cl\/wp-content\/uploads\/2025\/08\/Sin-titulo-1-300x300.png\" alt=\"\" width=\"150\" height=\"150\" class=\"alignnone size-medium wp-image-334\" srcset=\"https:\/\/plumer.cl\/wp-content\/uploads\/2025\/08\/Sin-titulo-1-300x300.png 300w, https:\/\/plumer.cl\/wp-content\/uploads\/2025\/08\/Sin-titulo-1-1024x1024.png 1024w, https:\/\/plumer.cl\/wp-content\/uploads\/2025\/08\/Sin-titulo-1-150x150.png 150w, https:\/\/plumer.cl\/wp-content\/uploads\/2025\/08\/Sin-titulo-1-12x12.png 12w, https:\/\/plumer.cl\/wp-content\/uploads\/2025\/08\/Sin-titulo-1-600x600.png 600w, https:\/\/plumer.cl\/wp-content\/uploads\/2025\/08\/Sin-titulo-1.png 1400w\" sizes=\"auto, (max-width: 150px) 100vw, 150px\" \/><\/th><th class=\"column-4\"><img loading=\"lazy\" decoding=\"async\" src=\"https:\/\/plumer.cl\/wp-content\/uploads\/2025\/08\/Sin-titulo-300x300.png\" alt=\"\" width=\"150\" height=\"150\" class=\"alignnone size-medium wp-image-333\" srcset=\"https:\/\/plumer.cl\/wp-content\/uploads\/2025\/08\/Sin-titulo-300x300.png 300w, https:\/\/plumer.cl\/wp-content\/uploads\/2025\/08\/Sin-titulo-1024x1024.png 1024w, https:\/\/plumer.cl\/wp-content\/uploads\/2025\/08\/Sin-titulo-150x150.png 150w, https:\/\/plumer.cl\/wp-content\/uploads\/2025\/08\/Sin-titulo-12x12.png 12w, https:\/\/plumer.cl\/wp-content\/uploads\/2025\/08\/Sin-titulo-600x600.png 600w, https:\/\/plumer.cl\/wp-content\/uploads\/2025\/08\/Sin-titulo.png 1400w\" sizes=\"auto, (max-width: 150px) 100vw, 150px\" \/><\/th><th class=\"column-5\"><img loading=\"lazy\" decoding=\"async\" src=\"https:\/\/plumer.cl\/wp-content\/uploads\/2025\/08\/Plumer-PLTE-20-300x300.png\" alt=\"\" width=\"150\" height=\"150\" class=\"alignnone size-medium wp-image-131\" srcset=\"https:\/\/plumer.cl\/wp-content\/uploads\/2025\/08\/Plumer-PLTE-20-300x300.png 300w, https:\/\/plumer.cl\/wp-content\/uploads\/2025\/08\/Plumer-PLTE-20-150x150.png 150w, https:\/\/plumer.cl\/wp-content\/uploads\/2025\/08\/Plumer-PLTE-20-600x600.png 600w, https:\/\/plumer.cl\/wp-content\/uploads\/2025\/08\/Plumer-PLTE-20-1024x1024.png 1024w, https:\/\/plumer.cl\/wp-content\/uploads\/2025\/08\/Plumer-PLTE-20-12x12.png 12w, https:\/\/plumer.cl\/wp-content\/uploads\/2025\/08\/Plumer-PLTE-20.png 1400w\" sizes=\"auto, (max-width: 150px) 100vw, 150px\" \/><\/th>\n<\/tr>\n<\/thead>\n<tbody class=\"row-striping row-hover\">\n<tr class=\"row-2\">\n\t<td class=\"column-1\"><strong>Modelo<\/strong><\/td><td class=\"column-2\">PLTE-06<\/td><td class=\"column-3\">PLTE-09<\/td><td class=\"column-4\">PLTE-10<\/td><td class=\"column-5\">PLTE-20<\/td>\n<\/tr>\n<tr class=\"row-3\">\n\t<td class=\"column-1\"><strong>Motor \/ Potencia<\/strong><\/td><td class=\"column-2\">Gasolina Koop192 \u2014 10.1 kW (13 hp)<\/td><td class=\"column-3\">Di\u00e9sel Changchai 192F \u2014 7 kW (10.3 hp)<\/td><td class=\"column-4\">Kubota KOOP192F \u2014 10.3 kW (14 hp)<\/td><td class=\"column-5\">Laidong 3TE25 \u2014 18.1 kW (25 hp)<\/td>\n<\/tr>\n<tr class=\"row-4\">\n\t<td class=\"column-1\"><strong>Capacidad Balde<\/strong><\/td><td class=\"column-2\">0.02 m\u00b3<\/td><td class=\"column-3\">0.023 m\u00b3<\/td><td class=\"column-4\">0.02 m\u00b3<\/td><td class=\"column-5\">0.06 m\u00b3<\/td>\n<\/tr>\n<tr class=\"row-5\">\n\t<td class=\"column-1\"><strong>Fuerza m\u00e1xima de excavaci\u00f3n<\/strong><\/td><td class=\"column-2\">11 kN<\/td><td class=\"column-3\">7.5 kN<\/td><td class=\"column-4\">10.3 kN<\/td><td class=\"column-5\">11.5 kN<\/td>\n<\/tr>\n<tr class=\"row-6\">\n\t<td class=\"column-1\"><strong>Presi\u00f3n del sistema hidr\u00e1ulico<\/strong><\/td><td class=\"column-2\">20 MPa<\/td><td class=\"column-3\">18 MPa<\/td><td class=\"column-4\">18 MPa<\/td><td class=\"column-5\">18 MPa<\/td>\n<\/tr>\n<tr class=\"row-7\">\n\t<td class=\"column-1\"><strong>Velocidad de giro<\/strong><\/td><td class=\"column-2\">12 rpm<\/td><td class=\"column-3\">12 rpm<\/td><td class=\"column-4\">12 rpm<\/td><td class=\"column-5\">10\u201312 rpm<\/td>\n<\/tr>\n<tr class=\"row-8\">\n\t<td class=\"column-1\"><strong>Velocidad de desplazamiento<\/strong><\/td><td class=\"column-2\">2 km\/h<\/td><td class=\"column-3\">2.2 km\/h<\/td><td class=\"column-4\">2 km\/h<\/td><td class=\"column-5\">2.8 km\/h<\/td>\n<\/tr>\n<tr class=\"row-9\">\n\t<td class=\"column-1\"><strong>Capacidad de pendiente<\/strong><\/td><td class=\"column-2\">30\u00b0<\/td><td class=\"column-3\">30\u00b0<\/td><td class=\"column-4\">30\u00b0<\/td><td class=\"column-5\">35\u00b0<\/td>\n<\/tr>\n<tr class=\"row-10\">\n\t<td class=\"column-1\"><strong>Presi\u00f3n sobre el suelo<\/strong><\/td><td class=\"column-2\">213 kPa<\/td><td class=\"column-3\">19 kPa<\/td><td class=\"column-4\">22 kPa<\/td><td class=\"column-5\">38 kPa<\/td>\n<\/tr>\n<tr class=\"row-11\">\n\t<td class=\"column-1\"><strong>Dimensiones<\/strong><\/td><td class=\"column-2\">Largo: 2750 mm; <br \/>\nAncho: 720 mm; <br \/>\nAlto: 1500 mm<\/td><td class=\"column-3\">Largo: 2600 mm;<br \/>\n Ancho: 720 mm; <br \/>\nAlto: 2030 mm<\/td><td class=\"column-4\">Largo: 2,200 mm; <br \/>\nAncho: 940 mm;<br \/>\n Alto: 2,150 mm<\/td><td class=\"column-5\">Largo: 3,800 mm; <br \/>\nAncho: 1,050 mm;<br \/>\n Alto: 2,280 mm<\/td>\n<\/tr>\n<tr class=\"row-12\">\n\t<td class=\"column-1\"><strong>Peso operativo<\/strong><\/td><td class=\"column-2\">600 kg<\/td><td class=\"column-3\"><\/td><td class=\"column-4\"><\/td><td class=\"column-5\"><\/td>\n<\/tr>\n<\/tbody>\n<\/table>\n<!-- #tablepress-10 from cache -->\n<\/div><\/div><\/div><\/div><\/div><\/div><\/section>","protected":false},"excerpt":{"rendered":"Potencia 14 hp Peso op. 1100 kg Prof. de excavaci\u00f3n 2450 mm La mini excavadora PLTE-10 de PLUMER es compacta, eficiente y vers\u00e1til, ideal para trabajar en espacios reducidos. Su motor Kubota certificado por la EPA ofrece alta eficiencia operativa con bajo impacto ambiental. Es perfecta para proyectos en agricultura, construcci\u00f3n de interiores, jardiner\u00eda y...","protected":false},"featured_media":333,"comment_status":"open","ping_status":"closed","template":"","meta":{"_acf_changed":false},"product_brand":[],"product_cat":[17,18],"product_tag":[],"tipo_de_combustible":[],"class_list":{"0":"post-170","1":"product","2":"type-product","3":"status-publish","4":"has-post-thumbnail","6":"product_cat-construccion","7":"product_cat-mini-excavadoras","9":"first","10":"instock","11":"taxable","12":"shipping-taxable","13":"purchasable","14":"product-type-simple"},"acf":[],"_links":{"self":[{"href":"https:\/\/plumer.cl\/en\/wp-json\/wp\/v2\/product\/170","targetHints":{"allow":["GET"]}}],"collection":[{"href":"https:\/\/plumer.cl\/en\/wp-json\/wp\/v2\/product"}],"about":[{"href":"https:\/\/plumer.cl\/en\/wp-json\/wp\/v2\/types\/product"}],"replies":[{"embeddable":true,"href":"https:\/\/plumer.cl\/en\/wp-json\/wp\/v2\/comments?post=170"}],"wp:featuredmedia":[{"embeddable":true,"href":"https:\/\/plumer.cl\/en\/wp-json\/wp\/v2\/media\/333"}],"wp:attachment":[{"href":"https:\/\/plumer.cl\/en\/wp-json\/wp\/v2\/media?parent=170"}],"wp:term":[{"taxonomy":"product_brand","embeddable":true,"href":"https:\/\/plumer.cl\/en\/wp-json\/wp\/v2\/product_brand?post=170"},{"taxonomy":"product_cat","embeddable":true,"href":"https:\/\/plumer.cl\/en\/wp-json\/wp\/v2\/product_cat?post=170"},{"taxonomy":"product_tag","embeddable":true,"href":"https:\/\/plumer.cl\/en\/wp-json\/wp\/v2\/product_tag?post=170"},{"taxonomy":"tipo_de_combustible","embeddable":true,"href":"https:\/\/plumer.cl\/en\/wp-json\/wp\/v2\/tipo_de_combustible?post=170"}],"curies":[{"name":"wp","href":"https:\/\/api.w.org\/{rel}","templated":true}]}}