{"id":258,"date":"2025-08-13T17:45:58","date_gmt":"2025-08-13T17:45:58","guid":{"rendered":"https:\/\/plumer.cl\/?post_type=product&#038;p=258"},"modified":"2025-08-19T18:41:21","modified_gmt":"2025-08-19T18:41:21","slug":"mini-cargador-de-direccion-deslizante-plumer-plt-25","status":"publish","type":"product","link":"https:\/\/plumer.cl\/en\/product\/mini-cargador-de-direccion-deslizante-plumer-plt-25\/","title":{"rendered":"Mini Cargador de Direcci\u00f3n Deslizante Plumer PLT-25"},"content":{"rendered":"<section class=\"l-section wpb_row height_auto\"><div class=\"l-section-h i-cf\"><div class=\"g-cols vc_row via_grid cols_2 laptops-cols_inherit tablets-cols_inherit mobiles-cols_1 valign_top type_default stacking_default\" style=\"--columns-gap:1rem;\"><div class=\"wpb_column vc_column_container\"><div class=\"vc_column-inner\"><div class=\"w-hwrapper us_custom_539f15ee valign_top align_left\" style=\"--hwrapper-gap:2rem\"><div class=\"w-vwrapper align_left valign_top\" style=\"--vwrapper-gap:0.5rem\"><div class=\"wpb_text_column\"><div class=\"wpb_wrapper\"><p>Potencia<\/p>\n<\/div><\/div><div class=\"wpb_text_column us_custom_9490baec has_text_color\"><div class=\"wpb_wrapper\"><p>25 hp<\/p>\n<\/div><\/div><\/div><div class=\"w-vwrapper align_left valign_top\" style=\"--vwrapper-gap:0.5rem\"><div class=\"wpb_text_column\"><div class=\"wpb_wrapper\"><p>Capacidad de carga<\/p>\n<\/div><\/div><div class=\"wpb_text_column us_custom_9490baec has_text_color\"><div class=\"wpb_wrapper\"><p><span>300 kg<\/span><\/p>\n<\/div><\/div><\/div><div class=\"w-vwrapper align_left valign_top\" style=\"--vwrapper-gap:0.5rem\"><div class=\"wpb_text_column\"><div class=\"wpb_wrapper\"><p>Peso op.<\/p>\n<\/div><\/div><div class=\"wpb_text_column us_custom_9490baec has_text_color\"><div class=\"wpb_wrapper\"><p><span>1300 kg<\/span><\/p>\n<\/div><\/div><\/div><\/div><div class=\"wpb_text_column us_custom_c54b2d60\"><div class=\"wpb_wrapper\"><p>El Mini Cargador de direcci\u00f3n deslizante Plumer PLT-25 ofrece un rendimiento excepcional, con caracter\u00edsticas avanzadas y una excelente relaci\u00f3n calidad-precio. Vers\u00e1til y confiable, es perfecto para tareas de construcci\u00f3n, agr\u00edcola, <span>paisajismo y m\u00e1s. Su dise\u00f1o compacto y capacidades avanzadas lo hacen ideal para proyectos de nivelaci\u00f3n de terrenos, mantenimiento y trabajos en espacios confinados, tanto en \u00e1reas urbanas como rurales.<\/span><\/p>\n<\/div><\/div><div class=\"wpb_text_column us_custom_c54b2d60\"><div class=\"wpb_wrapper\"><p>\u2705<span>\u00a0<\/span><strong data-start=\"1348\" data-end=\"1368\">Tama\u00f1o Compacto:<\/strong><span>\u00a0Ideal para trabajar en espacios reducidos y pasajes estrechos, perfecto para \u00e1reas urbanas y lugares peque\u00f1os.<\/span><br data-start=\"1479\" data-end=\"1482\" \/>\u2705<span>\u00a0<\/span><strong data-start=\"1484\" data-end=\"1503\">Tracci\u00f3n Total:<\/strong><span>\u00a0Excelente tracci\u00f3n y capacidad para operar en terrenos irregulares o blandos.<\/span><br data-start=\"1581\" data-end=\"1584\" \/>\u2705<span>\u00a0<\/span><strong data-start=\"1586\" data-end=\"1609\">Radio de Giro Cero:<\/strong><span>\u00a0Permite giros en su propia huella, aumentando la maniobrabilidad en espacios reducidos.<\/span><br data-start=\"1697\" data-end=\"1700\" \/>\u2705<span>\u00a0<\/span><strong data-start=\"1702\" data-end=\"1733\">Sistema de Conexi\u00f3n R\u00e1pida:<\/strong><span>\u00a0Facilita cambios de accesorios r\u00e1pidos, aumentando la productividad y versatilidad.<\/span><br data-start=\"1817\" data-end=\"1820\" \/>\u2705<span>\u00a0<\/span><strong data-start=\"1822\" data-end=\"1854\">Gran Capacidad de Elevaci\u00f3n:<\/strong><span>\u00a0Levanta cargas pesadas, ideal para una variedad de tareas de manipulaci\u00f3n de materiales.<\/span><br data-start=\"1943\" data-end=\"1946\" \/>\u2705<span>\u00a0<\/span><strong data-start=\"1948\" data-end=\"1989\">Seguridad y Visibilidad del Operador:<\/strong><span>\u00a0Jaula protectora, cinturones de seguridad y visibilidad clara desde el asiento del operador.<\/span><br data-start=\"2082\" data-end=\"2085\" \/>\u2705<span>\u00a0<\/span><strong data-start=\"2087\" data-end=\"2108\">F\u00e1cil Transporte:<\/strong><span>\u00a0Compacta y ligera, lo que facilita su transporte en remolques o plataformas de camiones.<\/span><\/p>\n<\/div><\/div><div class=\"w-tabs us_custom_a6a96ae9 has_text_color style_default switch_click accordion has_scrolling\" style=\"--sections-title-size:inherit\"><div class=\"w-tabs-sections titles-align_none icon_plus cpos_right\"><div class=\"w-tabs-section\" id=\"f1c1\"><button class=\"w-tabs-section-header\" aria-controls=\"content-f1c1\" aria-expanded=\"false\"><div class=\"w-tabs-section-title\">Motor y Rendimiento<\/div><div class=\"w-tabs-section-control\"><\/div><\/button><div  class=\"w-tabs-section-content\" id=\"content-f1c1\"><div class=\"w-tabs-section-content-h i-cf\"><div class=\"wpb_text_column\"><div class=\"wpb_wrapper\">\n<table id=\"tablepress-6\" class=\"tablepress tablepress-id-6\">\n<thead>\n<tr class=\"row-1\">\n\t<th class=\"column-1\">Peso Operativo<\/th><th class=\"column-2\">1950 kg<\/th>\n<\/tr>\n<\/thead>\n<tbody class=\"row-striping row-hover\">\n<tr class=\"row-2\">\n\t<td class=\"column-1\">Potencia Nominal<\/td><td class=\"column-2\">18.1 kW (25 hp)<\/td>\n<\/tr>\n<tr class=\"row-3\">\n\t<td class=\"column-1\">Modelo de motor<\/td><td class=\"column-2\">Laidong 3TE25<\/td>\n<\/tr>\n<tr class=\"row-4\">\n\t<td class=\"column-1\">Capacidad del Balde<\/td><td class=\"column-2\">0.06 m\u00b3<\/td>\n<\/tr>\n<tr class=\"row-5\">\n\t<td class=\"column-1\">Ancho del Balde<\/td><td class=\"column-2\">435 mm<\/td>\n<\/tr>\n<tr class=\"row-6\">\n\t<td class=\"column-1\">Max. Fuerza de Excavaci\u00f3n<\/td><td class=\"column-2\">11.5 kN<\/td>\n<\/tr>\n<tr class=\"row-7\">\n\t<td class=\"column-1\">Presi\u00f3n de Trabajo del Sistema<\/td><td class=\"column-2\">18 MPa<\/td>\n<\/tr>\n<tr class=\"row-8\">\n\t<td class=\"column-1\">Velocidad de Giro<\/td><td class=\"column-2\">10-12 rpm<\/td>\n<\/tr>\n<tr class=\"row-9\">\n\t<td class=\"column-1\">Velocidad de Desplazamiento<\/td><td class=\"column-2\">2.8 km\/h<\/td>\n<\/tr>\n<tr class=\"row-10\">\n\t<td class=\"column-1\">Capacidad de Pendiente<\/td><td class=\"column-2\">35\u00b0<\/td>\n<\/tr>\n<tr class=\"row-11\">\n\t<td class=\"column-1\">Presi\u00f3n sobre el Suelo<\/td><td class=\"column-2\">38 kPa<\/td>\n<\/tr>\n<\/tbody>\n<\/table>\n<!-- #tablepress-6 from cache -->\n<\/div><\/div><\/div><\/div><\/div><div class=\"w-tabs-section\" id=\"r766\"><button class=\"w-tabs-section-header\" aria-controls=\"content-r766\" aria-expanded=\"false\"><div class=\"w-tabs-section-title\">Dimensiones y Capacidad de Operaci\u00f3n<\/div><div class=\"w-tabs-section-control\"><\/div><\/button><div  class=\"w-tabs-section-content\" id=\"content-r766\"><div class=\"w-tabs-section-content-h i-cf\"><div class=\"wpb_text_column\"><div class=\"wpb_wrapper\">\n<table id=\"tablepress-7\" class=\"tablepress tablepress-id-7\">\n<thead>\n<tr class=\"row-1\">\n\t<th class=\"column-1\">M\u00e1xima Distancia de Excavaci\u00f3n<\/th><th class=\"column-2\">3860 mm<\/th>\n<\/tr>\n<\/thead>\n<tbody class=\"row-striping row-hover\">\n<tr class=\"row-2\">\n\t<td class=\"column-1\">M\u00e1xima Profundidad de Excavaci\u00f3n<\/td><td class=\"column-2\">2050 mm<\/td>\n<\/tr>\n<tr class=\"row-3\">\n\t<td class=\"column-1\">M\u00e1xima Altura de Excavaci\u00f3n<\/td><td class=\"column-2\">3370 mm<\/td>\n<\/tr>\n<tr class=\"row-4\">\n\t<td class=\"column-1\">M\u00e1xima Altura de Descarga<\/td><td class=\"column-2\">2390 mm<\/td>\n<\/tr>\n<tr class=\"row-5\">\n\t<td class=\"column-1\">Radio M\u00ednimo de Giro<\/td><td class=\"column-2\">1720 mm<\/td>\n<\/tr>\n<tr class=\"row-6\">\n\t<td class=\"column-1\">Longitud Total<\/td><td class=\"column-2\">3800 mm<\/td>\n<\/tr>\n<tr class=\"row-7\">\n\t<td class=\"column-1\">Ancho Promedio<\/td><td class=\"column-2\">1050 mm<\/td>\n<\/tr>\n<tr class=\"row-8\">\n\t<td class=\"column-1\">Altura Total<\/td><td class=\"column-2\">2280 mm<\/td>\n<\/tr>\n<tr class=\"row-9\">\n\t<td class=\"column-1\">M\u00ednima Distancia al Suelo<\/td><td class=\"column-2\">210 mm<\/td>\n<\/tr>\n<tr class=\"row-10\">\n\t<td class=\"column-1\">Longitud de Contacto de la Oruga<\/td><td class=\"column-2\">1050 mm<\/td>\n<\/tr>\n<tr class=\"row-11\">\n\t<td class=\"column-1\">Ancho de la Oruga<\/td><td class=\"column-2\">230 mm<br \/>\n<\/td>\n<\/tr>\n<\/tbody>\n<\/table>\n<!-- #tablepress-7 from cache -->\n<\/div><\/div><\/div><\/div><\/div><\/div><\/div><\/div><\/div><div class=\"wpb_column vc_column_container\"><div class=\"vc_column-inner\"><div class=\"w-image align_center\"><div class=\"w-image-h\"><img decoding=\"async\" width=\"1400\" height=\"823\" src=\"https:\/\/plumer.cl\/wp-content\/uploads\/2025\/08\/Sin-titulo-1.jpg\" class=\"attachment-full size-full\" alt=\"\" loading=\"lazy\" srcset=\"https:\/\/plumer.cl\/wp-content\/uploads\/2025\/08\/Sin-titulo-1.jpg 1400w, https:\/\/plumer.cl\/wp-content\/uploads\/2025\/08\/Sin-titulo-1-300x176.jpg 300w, https:\/\/plumer.cl\/wp-content\/uploads\/2025\/08\/Sin-titulo-1-1024x602.jpg 1024w, https:\/\/plumer.cl\/wp-content\/uploads\/2025\/08\/Sin-titulo-1-18x12.jpg 18w, https:\/\/plumer.cl\/wp-content\/uploads\/2025\/08\/Sin-titulo-1-600x353.jpg 600w\" sizes=\"auto, (max-width: 1400px) 100vw, 1400px\" \/><\/div><\/div><\/div><\/div><\/div><\/div><\/section>","protected":false},"excerpt":{"rendered":"Potencia 25 hp Capacidad de carga 300 kg Peso op. 1300 kg El Mini Cargador de direcci\u00f3n deslizante Plumer PLT-25 ofrece un rendimiento excepcional, con caracter\u00edsticas avanzadas y una excelente relaci\u00f3n calidad-precio. Vers\u00e1til y confiable, es perfecto para tareas de construcci\u00f3n, agr\u00edcola, paisajismo y m\u00e1s. Su dise\u00f1o compacto y capacidades avanzadas lo hacen ideal para...","protected":false},"featured_media":524,"comment_status":"open","ping_status":"closed","template":"","meta":{"_acf_changed":false},"product_brand":[],"product_cat":[17,27],"product_tag":[],"tipo_de_combustible":[],"class_list":{"0":"post-258","1":"product","2":"type-product","3":"status-publish","4":"has-post-thumbnail","6":"product_cat-construccion","7":"product_cat-mini-cargadores","9":"first","10":"instock","11":"taxable","12":"shipping-taxable","13":"product-type-simple"},"acf":[],"_links":{"self":[{"href":"https:\/\/plumer.cl\/en\/wp-json\/wp\/v2\/product\/258","targetHints":{"allow":["GET"]}}],"collection":[{"href":"https:\/\/plumer.cl\/en\/wp-json\/wp\/v2\/product"}],"about":[{"href":"https:\/\/plumer.cl\/en\/wp-json\/wp\/v2\/types\/product"}],"replies":[{"embeddable":true,"href":"https:\/\/plumer.cl\/en\/wp-json\/wp\/v2\/comments?post=258"}],"wp:featuredmedia":[{"embeddable":true,"href":"https:\/\/plumer.cl\/en\/wp-json\/wp\/v2\/media\/524"}],"wp:attachment":[{"href":"https:\/\/plumer.cl\/en\/wp-json\/wp\/v2\/media?parent=258"}],"wp:term":[{"taxonomy":"product_brand","embeddable":true,"href":"https:\/\/plumer.cl\/en\/wp-json\/wp\/v2\/product_brand?post=258"},{"taxonomy":"product_cat","embeddable":true,"href":"https:\/\/plumer.cl\/en\/wp-json\/wp\/v2\/product_cat?post=258"},{"taxonomy":"product_tag","embeddable":true,"href":"https:\/\/plumer.cl\/en\/wp-json\/wp\/v2\/product_tag?post=258"},{"taxonomy":"tipo_de_combustible","embeddable":true,"href":"https:\/\/plumer.cl\/en\/wp-json\/wp\/v2\/tipo_de_combustible?post=258"}],"curies":[{"name":"wp","href":"https:\/\/api.w.org\/{rel}","templated":true}]}}