{"id":286,"date":"2025-08-13T18:37:06","date_gmt":"2025-08-13T18:37:06","guid":{"rendered":"https:\/\/plumer.cl\/?post_type=product&#038;p=286"},"modified":"2025-09-30T16:42:48","modified_gmt":"2025-09-30T16:42:48","slug":"enfriador-evaporativo-plumer-pl-35000","status":"publish","type":"product","link":"https:\/\/plumer.cl\/en\/product\/enfriador-evaporativo-plumer-pl-35000\/","title":{"rendered":"Enfriador Evaporativo Industrial  Plumer PL-35000"},"content":{"rendered":"<h5 data-start=\"320\" data-end=\"366\">Especificaciones T\u00e9cnicas :<\/h5>\n<ul data-start=\"367\" data-end=\"938\">\n<li data-start=\"367\" data-end=\"391\">\n<p data-start=\"369\" data-end=\"391\"><strong data-start=\"369\" data-end=\"380\">Modelo:<\/strong><span>\u00a0<\/span>PL-35000<\/p>\n<\/li>\n<li data-start=\"392\" data-end=\"439\">\n<p data-start=\"394\" data-end=\"439\"><strong data-start=\"394\" data-end=\"417\">Voltaje\/Frecuencia:<\/strong><span>\u00a0<\/span>220V\u2013380V \/ 50\u201360Hz<\/p>\n<\/li>\n<li data-start=\"440\" data-end=\"495\">\n<p data-start=\"442\" data-end=\"457\"><strong data-start=\"442\" data-end=\"455\">Potencia:<\/strong><\/p>\n<ul data-start=\"460\" data-end=\"495\">\n<li data-start=\"460\" data-end=\"476\">\n<p data-start=\"462\" data-end=\"476\">220V: 2,2 kW<\/p>\n<\/li>\n<li data-start=\"479\" data-end=\"495\">\n<p data-start=\"481\" data-end=\"495\">380V: 5,5 kW<\/p>\n<\/li>\n<\/ul>\n<\/li>\n<li data-start=\"496\" data-end=\"533\">\n<p data-start=\"498\" data-end=\"533\"><strong data-start=\"498\" data-end=\"508\">Motor:<\/strong><span>\u00a0<\/span>Trif\u00e1sico de inducci\u00f3n<\/p>\n<\/li>\n<li data-start=\"534\" data-end=\"604\">\n<p data-start=\"536\" data-end=\"604\"><strong data-start=\"536\" data-end=\"552\">Controlador:<\/strong><span>\u00a0<\/span>Velocidad variable sin escalonamientos (inversor)<\/p>\n<\/li>\n<li data-start=\"605\" data-end=\"637\">\n<p data-start=\"607\" data-end=\"637\"><strong data-start=\"607\" data-end=\"629\">Frecuencia m\u00e1xima:<\/strong><span>\u00a0<\/span>50 Hz<\/p>\n<\/li>\n<li data-start=\"638\" data-end=\"729\">\n<p data-start=\"640\" data-end=\"729\"><strong data-start=\"640\" data-end=\"664\">Tipo de instalaci\u00f3n:<\/strong><span>\u00a0<\/span>conexi\u00f3n directa a motor trif\u00e1sico (220V o 380V, seg\u00fan modelo)<\/p>\n<\/li>\n<li data-start=\"730\" data-end=\"826\">\n<p data-start=\"732\" data-end=\"826\"><strong data-start=\"732\" data-end=\"758\">Funciones del sistema:<\/strong><span>\u00a0<\/span>control de bomba de agua, aspas, y funci\u00f3n de limpieza autom\u00e1tica<\/p>\n<\/li>\n<li data-start=\"827\" data-end=\"938\">\n<p data-start=\"829\" data-end=\"938\"><strong data-start=\"829\" data-end=\"846\">Protecciones:<\/strong><span>\u00a0<\/span>bajo voltaje, sobrevoltaje, sobrecorriente, sobrecarga, sobretemperatura, p\u00e9rdida de fase<\/p>\n<\/li>\n<\/ul>\n<h5 data-start=\"945\" data-end=\"959\">Ventajas:<\/h5>\n<p data-start=\"960\" data-end=\"1595\">\u2705<span>\u00a0<\/span><strong data-start=\"962\" data-end=\"999\">M\u00e1xima capacidad de enfriamiento:<\/strong><span>\u00a0<\/span>dise\u00f1ado para cubrir \u00e1reas industriales de gran tama\u00f1o.<br data-start=\"1055\" data-end=\"1058\" \/>\u2705<span>\u00a0<\/span><strong data-start=\"1060\" data-end=\"1097\">Motor trif\u00e1sico de alta potencia:<\/strong><span>\u00a0<\/span>2,2 kW\u20135,5 kW seg\u00fan versi\u00f3n, ideal para operaci\u00f3n continua.<br data-start=\"1157\" data-end=\"1160\" \/>\u2705<span>\u00a0<\/span><strong data-start=\"1162\" data-end=\"1185\">Velocidad variable:<\/strong><span>\u00a0<\/span>permite ajustar la potencia y el caudal de aire de manera precisa con su controlador digital.<br data-start=\"1279\" data-end=\"1282\" \/>\u2705<span>\u00a0<\/span><strong data-start=\"1284\" data-end=\"1318\">Sistema completo de seguridad:<\/strong><span>\u00a0<\/span>protege contra sobrecarga, sobrecorriente, sobrevoltaje, baja tensi\u00f3n y fallas de fase.<br data-start=\"1406\" data-end=\"1409\" \/>\u2705<span>\u00a0<\/span><strong data-start=\"1411\" data-end=\"1443\">Bomba y limpieza autom\u00e1tica:<\/strong><span>\u00a0<\/span>asegura un funcionamiento m\u00e1s duradero y menos mantenimiento manual.<br data-start=\"1512\" data-end=\"1515\" \/>\u2705<span>\u00a0<\/span><strong data-start=\"1517\" data-end=\"1558\" data-is-only-node=\"\">Control remoto infrarrojo (opcional):<\/strong><span>\u00a0<\/span>facilita la operaci\u00f3n a distancia.<\/p>\n<h5 data-start=\"1602\" data-end=\"1620\">Aplicaciones:<\/h5>\n<p data-start=\"1621\" data-end=\"1908\">\u2714<span>\u00a0<\/span><strong data-start=\"1623\" data-end=\"1666\">Grandes galpones y bodegas industriales<\/strong><br data-start=\"1666\" data-end=\"1669\" \/>\u2714<span>\u00a0<\/span><strong data-start=\"1671\" data-end=\"1706\">F\u00e1bricas con alta carga t\u00e9rmica<\/strong><span>\u00a0<\/span>(metalurgia, pl\u00e1stico, textil, alimentos)<br data-start=\"1748\" data-end=\"1751\" \/>\u2714<span>\u00a0<\/span><strong data-start=\"1753\" data-end=\"1799\">Estacionamientos y talleres de gran tama\u00f1o<\/strong><br data-start=\"1799\" data-end=\"1802\" \/>\u2714<span>\u00a0<\/span><strong data-start=\"1804\" data-end=\"1847\">Invernaderos de gran escala y criaderos<\/strong><br data-start=\"1847\" data-end=\"1850\" \/>\u2714<span>\u00a0<\/span><strong data-start=\"1852\" data-end=\"1906\">Centros log\u00edsticos y \u00e1reas de producci\u00f3n intensiva<\/strong><\/p>","protected":false},"excerpt":{"rendered":"<p>Especificaciones T\u00e9cnicas : Modelo:\u00a0PL-35000 Voltaje\/Frecuencia:\u00a0220V\u2013380V \/ 50\u201360Hz Potencia: 220V: 2,2 kW 380V: 5,5 kW Motor:\u00a0Trif\u00e1sico de inducci\u00f3n Controlador:\u00a0Velocidad variable sin escalonamientos (inversor) Frecuencia m\u00e1xima:\u00a050 Hz Tipo de instalaci\u00f3n:\u00a0conexi\u00f3n directa a motor trif\u00e1sico (220V o 380V, seg\u00fan modelo) Funciones del sistema:\u00a0control de bomba de agua, aspas, y funci\u00f3n de limpieza autom\u00e1tica Protecciones:\u00a0bajo voltaje, sobrevoltaje, sobrecorriente, sobrecarga,&#8230;<\/p>","protected":false},"featured_media":528,"comment_status":"open","ping_status":"closed","template":"","meta":{"_acf_changed":false},"product_brand":[],"product_cat":[23,30],"product_tag":[],"tipo_de_combustible":[],"class_list":{"0":"post-286","1":"product","2":"type-product","3":"status-publish","4":"has-post-thumbnail","6":"product_cat-climatizacion","7":"product_cat-enfriadores","9":"first","10":"instock","11":"taxable","12":"shipping-taxable","13":"purchasable","14":"product-type-simple"},"acf":[],"_links":{"self":[{"href":"https:\/\/plumer.cl\/en\/wp-json\/wp\/v2\/product\/286","targetHints":{"allow":["GET"]}}],"collection":[{"href":"https:\/\/plumer.cl\/en\/wp-json\/wp\/v2\/product"}],"about":[{"href":"https:\/\/plumer.cl\/en\/wp-json\/wp\/v2\/types\/product"}],"replies":[{"embeddable":true,"href":"https:\/\/plumer.cl\/en\/wp-json\/wp\/v2\/comments?post=286"}],"wp:featuredmedia":[{"embeddable":true,"href":"https:\/\/plumer.cl\/en\/wp-json\/wp\/v2\/media\/528"}],"wp:attachment":[{"href":"https:\/\/plumer.cl\/en\/wp-json\/wp\/v2\/media?parent=286"}],"wp:term":[{"taxonomy":"product_brand","embeddable":true,"href":"https:\/\/plumer.cl\/en\/wp-json\/wp\/v2\/product_brand?post=286"},{"taxonomy":"product_cat","embeddable":true,"href":"https:\/\/plumer.cl\/en\/wp-json\/wp\/v2\/product_cat?post=286"},{"taxonomy":"product_tag","embeddable":true,"href":"https:\/\/plumer.cl\/en\/wp-json\/wp\/v2\/product_tag?post=286"},{"taxonomy":"tipo_de_combustible","embeddable":true,"href":"https:\/\/plumer.cl\/en\/wp-json\/wp\/v2\/tipo_de_combustible?post=286"}],"curies":[{"name":"wp","href":"https:\/\/api.w.org\/{rel}","templated":true}]}}